{"id":876,"date":"2024-05-14T05:10:36","date_gmt":"2024-05-14T05:10:36","guid":{"rendered":"http:\/\/voldor-demo.local\/?page_id=876"},"modified":"2024-05-14T05:10:36","modified_gmt":"2024-05-14T05:10:36","slug":"blog-grid-with-right-sidebar","status":"publish","type":"page","link":"https:\/\/www.zvarkon.sk\/index.php\/blog-grid-with-right-sidebar\/","title":{"rendered":"Blog Grid With Right Sidebar"},"content":{"rendered":"\t\t<div data-elementor-type=\"wp-page\" data-elementor-id=\"876\" class=\"elementor elementor-876\">\n\t\t\t\t<div class=\"elementor-element elementor-element-2199da4b e-flex e-con-boxed e-con e-parent\" data-id=\"2199da4b\" data-element_type=\"container\">\n\t\t\t\t\t<div class=\"e-con-inner\">\n\t\t<div class=\"elementor-element elementor-element-2db5dc89 e-con-full e-flex e-con e-child\" data-id=\"2db5dc89\" data-element_type=\"container\">\n\t\t\t\t<div class=\"elementor-element elementor-element-4252dac2 sidebar custom-sidebar elementor-widget elementor-widget-sidebar\" data-id=\"4252dac2\" data-element_type=\"widget\" data-widget_type=\"sidebar.default\">\n\t\t\t\t<div class=\"elementor-widget-container\">\n\t\t\t\t\t<section id=\"block-2\" class=\"sidebar__single widget widget_block widget_search\"><form role=\"search\" method=\"get\" action=\"https:\/\/www.zvarkon.sk\/\" class=\"wp-block-search__button-outside wp-block-search__text-button wp-block-search\"    ><label class=\"wp-block-search__label\" for=\"wp-block-search__input-1\" >H\u013eada\u0165<\/label><div class=\"wp-block-search__inside-wrapper \" ><input class=\"wp-block-search__input\" id=\"wp-block-search__input-1\" placeholder=\"\" value=\"\" type=\"search\" name=\"s\" required \/><button aria-label=\"H\u013eada\u0165\" class=\"wp-block-search__button wp-element-button\" type=\"submit\" >H\u013eada\u0165<\/button><\/div><\/form><\/section><section id=\"block-3\" class=\"sidebar__single widget widget_block\"><div class=\"wp-block-group\"><div class=\"wp-block-group__inner-container is-layout-flow wp-block-group-is-layout-flow\"><h2 class=\"wp-block-heading\">Najnov\u0161ie \u010dl\u00e1nky<\/h2><ul class=\"wp-block-latest-posts__list wp-block-latest-posts\"><\/ul><\/div><\/div><\/section><section id=\"block-4\" class=\"sidebar__single widget widget_block\"><div class=\"wp-block-group\"><div class=\"wp-block-group__inner-container is-layout-flow wp-block-group-is-layout-flow\"><h2 class=\"wp-block-heading\">Najnov\u0161ie koment\u00e1re<\/h2><div class=\"no-comments wp-block-latest-comments\">\u017diadne koment\u00e1re na zobrazenie.<\/div><\/div><\/div><\/section><section id=\"block-5\" class=\"sidebar__single widget widget_block\"><div class=\"wp-block-group\"><div class=\"wp-block-group__inner-container is-layout-flow wp-block-group-is-layout-flow\"><h2 class=\"wp-block-heading\">Arch\u00edv<\/h2><div class=\"wp-block-archives-list wp-block-archives\">\u017diaden arch\u00edv na zobrazenie.<\/div><\/div><\/div><\/section><section id=\"block-6\" class=\"sidebar__single widget widget_block\"><div class=\"wp-block-group\"><div class=\"wp-block-group__inner-container is-layout-flow wp-block-group-is-layout-flow\"><h2 class=\"wp-block-heading\">Kateg\u00f3rie<\/h2><ul class=\"wp-block-categories-list wp-block-categories\"><li class=\"cat-item-none\">\u017diadne kateg\u00f3rie<\/li><\/ul><\/div><\/div><\/section><section id=\"block-7\" class=\"sidebar__single widget widget_block widget_search\"><form role=\"search\" method=\"get\" action=\"https:\/\/www.zvarkon.sk\/\" class=\"wp-block-search__button-outside wp-block-search__icon-button wp-block-search\"    ><label class=\"wp-block-search__label screen-reader-text\" for=\"wp-block-search__input-2\" >H\u013eada\u0165<\/label><div class=\"wp-block-search__inside-wrapper \" ><input class=\"wp-block-search__input\" id=\"wp-block-search__input-2\" placeholder=\"Search here...\" value=\"\" type=\"search\" name=\"s\" required \/><button aria-label=\"H\u013eada\u0165\" class=\"wp-block-search__button has-icon wp-element-button\" type=\"submit\" ><svg class=\"search-icon\" viewBox=\"0 0 24 24\" width=\"24\" height=\"24\">\n\t\t\t\t\t<path d=\"M13 5c-3.3 0-6 2.7-6 6 0 1.4.5 2.7 1.3 3.7l-3.8 3.8 1.1 1.1 3.8-3.8c1 .8 2.3 1.3 3.7 1.3 3.3 0 6-2.7 6-6S16.3 5 13 5zm0 10.5c-2.5 0-4.5-2-4.5-4.5s2-4.5 4.5-4.5 4.5 2 4.5 4.5-2 4.5-4.5 4.5z\"><\/path>\n\t\t\t\t<\/svg><\/button><\/div><\/form><\/section><section id=\"custom_recent_posts_widget-1\" class=\"sidebar__single widget widget_custom_recent_posts_widget\"><div class=\"title\"><h2>Recent Posts<\/h2><\/div><\/section><section id=\"voldor_blog_categories_widget-1\" class=\"sidebar__single widget widget_voldor_blog_categories_widget\"><div class=\"title\"><h2>Categories<\/h2><\/div><ul class=\"list-unstyled\">\r\n                    <li><a href=\"https:\/\/www.zvarkon.sk\/index.php\/category\/art-design\/\"> <i class=\"icon-arrow-right\"><\/i>Art &amp; Design<\/a><\/li>\r\n                    <li><a href=\"https:\/\/www.zvarkon.sk\/index.php\/category\/crafts\/\"> <i class=\"icon-arrow-right\"><\/i>Crafts<\/a><\/li>\r\n                    <li><a href=\"https:\/\/www.zvarkon.sk\/index.php\/category\/creative-projects\/\"> <i class=\"icon-arrow-right\"><\/i>Creative Projects<\/a><\/li>\r\n                    <li><a href=\"https:\/\/www.zvarkon.sk\/index.php\/category\/hobbies\/\"> <i class=\"icon-arrow-right\"><\/i>Hobbies<\/a><\/li>\r\n                    <li><a href=\"https:\/\/www.zvarkon.sk\/index.php\/category\/maker-culture\/\"> <i class=\"icon-arrow-right\"><\/i>Maker Culture<\/a><\/li>\r\n    \r\n<\/ul>\r\n    <\/section><section id=\"block-8\" class=\"sidebar__single widget widget_block\"><div class=\"title\"><h2>Tags<\/h2><\/div><div class=\"wp-widget-group__inner-blocks\">\n<div class=\"wp-block-group\"><div class=\"wp-block-group__inner-container is-layout-flow wp-block-group-is-layout-flow\"><p class=\"wp-block-tag-cloud\">Zatia\u013e neexistuje \u017eiadny obsah na zobrazenie.<\/p><\/div><\/div>\n<\/div><\/section><section id=\"voldor_blog_comments_widget-1\" class=\"sidebar__single widget widget_voldor_blog_comments_widget\"><div class=\"title\"><h2>Comments<\/h2><\/div>\r\n<ul class=\"sidebar__comments list-unstyled nl-0\">\r\n    <\/ul>\r\n    <\/section>\t\t\t\t<\/div>\n\t\t\t\t<\/div>\n\t\t\t\t<\/div>\n\t\t<div class=\"elementor-element elementor-element-5ee553ac e-con-full e-flex e-con e-child\" data-id=\"5ee553ac\" data-element_type=\"container\">\n\t\t\t\t<div class=\"elementor-element elementor-element-8692ece elementor-widget elementor-widget-voldor-blog\" data-id=\"8692ece\" data-element_type=\"widget\" data-widget_type=\"voldor-blog.default\">\n\t\t\t\t<div class=\"elementor-widget-container\">\n\t\t\t\t\t\t<section class=\"blog-one blog-one--page\">\r\n\t\t<div class=\"container\">\r\n\t\t\t<div class=\"row gutter-y-30\">\r\n\t\t\t\t\t\t\t\t\t\t\t\t\t<div class=\"col-lg-12\">\r\n\t\t\t\t\t\t<div class=\"blog-pagination portfolio-page__btn-box justify-content-center text-center\">\r\n\t\t\t\t\t\t\t\t\t\t\t\t\t<\/div><!-- \/.blog-post-pagination -->\r\n\t\t\t\t\t<\/div><!-- \/.col-lg-12 -->\r\n\t\t\t\t\t\t\t\t\t\t\t<\/div><!-- \/.row -->\r\n\t\t<\/div><!-- \/.container -->\r\n\t<\/section><!-- \/.blog-one blog-one--page -->\r\n\t\t\t\t<\/div>\n\t\t\t\t<\/div>\n\t\t\t\t<\/div>\n\t\t\t\t\t<\/div>\n\t\t\t\t<\/div>\n\t\t\t\t<\/div>\n\t\t","protected":false},"excerpt":{"rendered":"<p>2 Comments on Welding for Personal Projects 13 May 2024 Welding for Personal Projects Read More 2 Comments on Embracing Welding as a Creative Outlet 13 May 2024 Embracing Welding as a Creative Outlet Read More 2 Comments on Navigating the Path from Passion 13 May 2024 Navigating the Path from Passion Read More 2 [&hellip;]<\/p>\n","protected":false},"author":1,"featured_media":0,"parent":0,"menu_order":0,"comment_status":"closed","ping_status":"closed","template":"elementor_header_footer","meta":{"footnotes":""},"class_list":["post-876","page","type-page","status-publish","hentry"],"_links":{"self":[{"href":"https:\/\/www.zvarkon.sk\/index.php\/wp-json\/wp\/v2\/pages\/876","targetHints":{"allow":["GET"]}}],"collection":[{"href":"https:\/\/www.zvarkon.sk\/index.php\/wp-json\/wp\/v2\/pages"}],"about":[{"href":"https:\/\/www.zvarkon.sk\/index.php\/wp-json\/wp\/v2\/types\/page"}],"author":[{"embeddable":true,"href":"https:\/\/www.zvarkon.sk\/index.php\/wp-json\/wp\/v2\/users\/1"}],"replies":[{"embeddable":true,"href":"https:\/\/www.zvarkon.sk\/index.php\/wp-json\/wp\/v2\/comments?post=876"}],"version-history":[{"count":0,"href":"https:\/\/www.zvarkon.sk\/index.php\/wp-json\/wp\/v2\/pages\/876\/revisions"}],"wp:attachment":[{"href":"https:\/\/www.zvarkon.sk\/index.php\/wp-json\/wp\/v2\/media?parent=876"}],"curies":[{"name":"wp","href":"https:\/\/api.w.org\/{rel}","templated":true}]}}